{"id":60307,"date":"2025-05-06T20:05:01","date_gmt":"2025-05-06T19:05:01","guid":{"rendered":"https:\/\/www.davita.pt\/?page_id=60307"},"modified":"2025-08-21T15:14:32","modified_gmt":"2025-08-21T14:14:32","slug":"sobremesas","status":"publish","type":"page","link":"https:\/\/www.davita.pt\/en\/receitas\/sobremesas\/","title":{"rendered":"Desserts"},"content":{"rendered":"<div data-elementor-type=\"wp-page\" data-elementor-id=\"60307\" class=\"elementor elementor-60307\">\n\t\t\t\t\t\t<section class=\"elementor-section elementor-top-section elementor-element elementor-element-05f9bed elementor-section-full_width elementor-section-height-default elementor-section-height-default sc_fly_static\" data-id=\"05f9bed\" data-element_type=\"section\" data-e-type=\"section\">\n\t\t\t\t\t\t<div class=\"elementor-container elementor-column-gap-extended\">\n\t\t\t\t\t<div class=\"elementor-column elementor-col-100 elementor-top-column elementor-element elementor-element-4999c50 sc_content_align_inherit sc_layouts_column_icons_position_left sc_fly_static\" data-id=\"4999c50\" data-element_type=\"column\" data-e-type=\"column\">\n\t\t\t<div class=\"elementor-widget-wrap elementor-element-populated\">\n\t\t\t\t\t\t<div class=\"elementor-element elementor-element-d51c0f3 sc_fly_static elementor-widget elementor-widget-trx_sc_title\" data-id=\"d51c0f3\" data-element_type=\"widget\" data-e-type=\"widget\" data-widget_type=\"trx_sc_title.default\">\n\t\t\t\t<div class=\"elementor-widget-container\">\n\t\t\t\t\t<div\t\tclass=\"sc_title sc_title_default\" ><span class=\"sc_item_subtitle sc_title_subtitle sc_item_subtitle_above sc_item_title_style_default sc_item_subtitle_with_custom_color trx_addons_inline_1079339384\">DaVita Recipes<\/span><h2 class=\"sc_item_title sc_title_title sc_item_title_style_default trx_addons_inline_751534212\"\n\t\t\t><span class=\"sc_item_title_text\">Desserts<\/span><\/h2><\/div>\t\t\t\t<\/div>\n\t\t\t\t<\/div>\n\t\t\t\t<div class=\"elementor-element elementor-element-ea35513 sc_style_default sc_fly_static elementor-widget elementor-widget-trx_sc_blogger\" data-id=\"ea35513\" data-element_type=\"widget\" data-e-type=\"widget\" data-widget_type=\"trx_sc_blogger.default\">\n\t\t\t\t<div class=\"elementor-widget-container\">\n\t\t\t\t\t<div \t\tclass=\"sc_blogger sc_blogger_classic sc_blogger_classic_default sc_item_filters_tabs_none alignnone\" ><div class=\"sc_blogger_content sc_item_content sc_item_posts_container posts_container classic_wrap classic_2 columns_wrap columns_padding_bottom\" ><div class=\"column-1_2\"><article id=\"post-60327\" data-post-id=\"60327\"\n\tclass=\"post_item post_item_container post_format_standard post_layout_classic post_layout_classic_2 post-60327 post type-post status-publish format-standard has-post-thumbnail hentry category-sobremesas\">\n\t<div class=\"post_featured with_thumb hover_link\"><img fetchpriority=\"high\" decoding=\"async\" width=\"890\" height=\"664\" src=\"https:\/\/www.davita.pt\/wp-content\/uploads\/2025\/05\/Bolo-de-coco-e-queijo-quark-1-890x664.jpg\" class=\"attachment-healthhub-thumb-square size-healthhub-thumb-square wp-post-image\" alt=\"Bolo de coco e queijo quark\" \/>\t\t\t\t\t\t<div class=\"mask\"><\/div>\n\t\t\t\t\t\t\t\t\t<a href=\"https:\/\/www.davita.pt\/en\/bolo-de-coco-e-queijo-quark\/\"  aria-hidden=\"true\" class=\"link\"><\/a>\n\t\t\t<\/div>\t\t<div class=\"post_header entry-header\">\n\t\t\t<div class=\"post_meta\"><span class=\"post_meta_item post_categories cat_sep\"><a href=\"https:\/\/www.davita.pt\/en\/categoria\/receitas\/sobremesas\/\" rel=\"category tag\">Desserts<\/a><\/span><\/div><h4 class=\"post_title entry-title\"><a href=\"https:\/\/www.davita.pt\/en\/bolo-de-coco-e-queijo-quark\/\" rel=\"bookmark\">Coconut and quark cake<\/a><\/h4>\t\t<\/div><!-- .entry-header -->\n\t\t\n<\/article><\/div><div class=\"column-1_2\"><article id=\"post-60324\" data-post-id=\"60324\"\n\tclass=\"post_item post_item_container post_format_standard post_layout_classic post_layout_classic_2 post-60324 post type-post status-publish format-standard has-post-thumbnail hentry category-sobremesas\">\n\t<div class=\"post_featured with_thumb hover_link\"><img decoding=\"async\" width=\"890\" height=\"664\" src=\"https:\/\/www.davita.pt\/wp-content\/uploads\/2025\/05\/Bolo-saudavel-de-aveia-e-maca-890x664.jpg\" class=\"attachment-healthhub-thumb-square size-healthhub-thumb-square wp-post-image\" alt=\"Bolo saud\u00e1vel de aveia e ma\u00e7\u00e3\" \/>\t\t\t\t\t\t<div class=\"mask\"><\/div>\n\t\t\t\t\t\t\t\t\t<a href=\"https:\/\/www.davita.pt\/en\/bolo-saudavel-de-aveia-e-maca\/\"  aria-hidden=\"true\" class=\"link\"><\/a>\n\t\t\t<\/div>\t\t<div class=\"post_header entry-header\">\n\t\t\t<div class=\"post_meta\"><span class=\"post_meta_item post_categories cat_sep\"><a href=\"https:\/\/www.davita.pt\/en\/categoria\/receitas\/sobremesas\/\" rel=\"category tag\">Desserts<\/a><\/span><\/div><h4 class=\"post_title entry-title\"><a href=\"https:\/\/www.davita.pt\/en\/bolo-saudavel-de-aveia-e-maca\/\" rel=\"bookmark\">Healthy oatmeal and apple cake<\/a><\/h4>\t\t<\/div><!-- .entry-header -->\n\t\t\n<\/article><\/div><div class=\"column-1_2\"><article id=\"post-60321\" data-post-id=\"60321\"\n\tclass=\"post_item post_item_container post_format_standard post_layout_classic post_layout_classic_2 post-60321 post type-post status-publish format-standard has-post-thumbnail hentry category-sobremesas\">\n\t<div class=\"post_featured with_thumb hover_link\"><img decoding=\"async\" width=\"890\" height=\"664\" src=\"https:\/\/www.davita.pt\/wp-content\/uploads\/2025\/05\/Pequenos-queques-de-maca-890x664.jpg\" class=\"attachment-healthhub-thumb-square size-healthhub-thumb-square wp-post-image\" alt=\"Pequenos queques de ma\u00e7\u00e3\" \/>\t\t\t\t\t\t<div class=\"mask\"><\/div>\n\t\t\t\t\t\t\t\t\t<a href=\"https:\/\/www.davita.pt\/en\/pequenos-queques-de-maca\/\"  aria-hidden=\"true\" class=\"link\"><\/a>\n\t\t\t<\/div>\t\t<div class=\"post_header entry-header\">\n\t\t\t<div class=\"post_meta\"><span class=\"post_meta_item post_categories cat_sep\"><a href=\"https:\/\/www.davita.pt\/en\/categoria\/receitas\/sobremesas\/\" rel=\"category tag\">Desserts<\/a><\/span><\/div><h4 class=\"post_title entry-title\"><a href=\"https:\/\/www.davita.pt\/en\/pequenos-queques-de-maca\/\" rel=\"bookmark\">Small apple muffins<\/a><\/h4>\t\t<\/div><!-- .entry-header -->\n\t\t\n<\/article><\/div><div class=\"column-1_2\"><article id=\"post-60318\" data-post-id=\"60318\"\n\tclass=\"post_item post_item_container post_format_standard post_layout_classic post_layout_classic_2 post-60318 post type-post status-publish format-standard has-post-thumbnail hentry category-sobremesas\">\n\t<div class=\"post_featured with_thumb hover_link\"><img loading=\"lazy\" decoding=\"async\" width=\"890\" height=\"664\" src=\"https:\/\/www.davita.pt\/wp-content\/uploads\/2025\/05\/Sonhos-de-cenoura-com-acucar-amarelo-890x664.jpg\" class=\"attachment-healthhub-thumb-square size-healthhub-thumb-square wp-post-image\" alt=\"Sonhos de cenoura com a\u00e7\u00facar amarelo\" \/>\t\t\t\t\t\t<div class=\"mask\"><\/div>\n\t\t\t\t\t\t\t\t\t<a href=\"https:\/\/www.davita.pt\/en\/sonhos-de-cenoura-com-acucar-amarelo\/\"  aria-hidden=\"true\" class=\"link\"><\/a>\n\t\t\t<\/div>\t\t<div class=\"post_header entry-header\">\n\t\t\t<div class=\"post_meta\"><span class=\"post_meta_item post_categories cat_sep\"><a href=\"https:\/\/www.davita.pt\/en\/categoria\/receitas\/sobremesas\/\" rel=\"category tag\">Desserts<\/a><\/span><\/div><h4 class=\"post_title entry-title\"><a href=\"https:\/\/www.davita.pt\/en\/sonhos-de-cenoura-com-acucar-amarelo\/\" rel=\"bookmark\">Carrot Dreams with Brown Sugar<\/a><\/h4>\t\t<\/div><!-- .entry-header -->\n\t\t\n<\/article><\/div><div class=\"column-1_2\"><article id=\"post-60315\" data-post-id=\"60315\"\n\tclass=\"post_item post_item_container post_format_standard post_layout_classic post_layout_classic_2 post-60315 post type-post status-publish format-standard has-post-thumbnail hentry category-sobremesas\">\n\t<div class=\"post_featured with_thumb hover_link\"><img loading=\"lazy\" decoding=\"async\" width=\"890\" height=\"664\" src=\"https:\/\/www.davita.pt\/wp-content\/uploads\/2025\/05\/Queijo-Quark-aveia-e-fruta-fresca-1-890x664.jpg\" class=\"attachment-healthhub-thumb-square size-healthhub-thumb-square wp-post-image\" alt=\"Queijo Quark aveia e fruta fresca\" \/>\t\t\t\t\t\t<div class=\"mask\"><\/div>\n\t\t\t\t\t\t\t\t\t<a href=\"https:\/\/www.davita.pt\/en\/queijo-quark-aveia-e-fruta-fresca\/\"  aria-hidden=\"true\" class=\"link\"><\/a>\n\t\t\t<\/div>\t\t<div class=\"post_header entry-header\">\n\t\t\t<div class=\"post_meta\"><span class=\"post_meta_item post_categories cat_sep\"><a href=\"https:\/\/www.davita.pt\/en\/categoria\/receitas\/sobremesas\/\" rel=\"category tag\">Desserts<\/a><\/span><\/div><h4 class=\"post_title entry-title\"><a href=\"https:\/\/www.davita.pt\/en\/queijo-quark-aveia-e-fruta-fresca\/\" rel=\"bookmark\">Quark Cheese, Oats and Fresh Fruit<\/a><\/h4>\t\t<\/div><!-- .entry-header -->\n\t\t\n<\/article><\/div><div class=\"column-1_2\"><article id=\"post-60298\" data-post-id=\"60298\"\n\tclass=\"post_item post_item_container post_format_standard post_layout_classic post_layout_classic_2 post-60298 post type-post status-publish format-standard has-post-thumbnail hentry category-sobremesas\">\n\t<div class=\"post_featured with_thumb hover_link\"><img loading=\"lazy\" decoding=\"async\" width=\"890\" height=\"664\" src=\"https:\/\/www.davita.pt\/wp-content\/uploads\/2025\/05\/Mousse-de-frutos-silvestres-1-890x664.jpg\" class=\"attachment-healthhub-thumb-square size-healthhub-thumb-square wp-post-image\" alt=\"Mousse de frutos silvestres\" \/>\t\t\t\t\t\t<div class=\"mask\"><\/div>\n\t\t\t\t\t\t\t\t\t<a href=\"https:\/\/www.davita.pt\/en\/mousse-de-frutos-silvestres\/\"  aria-hidden=\"true\" class=\"link\"><\/a>\n\t\t\t<\/div>\t\t<div class=\"post_header entry-header\">\n\t\t\t<div class=\"post_meta\"><span class=\"post_meta_item post_categories cat_sep\"><a href=\"https:\/\/www.davita.pt\/en\/categoria\/receitas\/sobremesas\/\" rel=\"category tag\">Desserts<\/a><\/span><\/div><h4 class=\"post_title entry-title\"><a href=\"https:\/\/www.davita.pt\/en\/mousse-de-frutos-silvestres\/\" rel=\"bookmark\">Red Fruit Mousse<\/a><\/h4>\t\t<\/div><!-- .entry-header -->\n\t\t\n<\/article><\/div><div class=\"column-1_2\"><article id=\"post-60293\" data-post-id=\"60293\"\n\tclass=\"post_item post_item_container post_format_standard post_layout_classic post_layout_classic_2 post-60293 post type-post status-publish format-standard has-post-thumbnail hentry category-sobremesas\">\n\t<div class=\"post_featured with_thumb hover_link\"><img loading=\"lazy\" decoding=\"async\" width=\"890\" height=\"664\" src=\"https:\/\/www.davita.pt\/wp-content\/uploads\/2025\/05\/Bolo-saudavel-de-baunilha-890x664.jpg\" class=\"attachment-healthhub-thumb-square size-healthhub-thumb-square wp-post-image\" alt=\"Bolo saud\u00e1vel de baunilha\" \/>\t\t\t\t\t\t<div class=\"mask\"><\/div>\n\t\t\t\t\t\t\t\t\t<a href=\"https:\/\/www.davita.pt\/en\/bolo-saudavel-de-baunilha\/\"  aria-hidden=\"true\" class=\"link\"><\/a>\n\t\t\t<\/div>\t\t<div class=\"post_header entry-header\">\n\t\t\t<div class=\"post_meta\"><span class=\"post_meta_item post_categories cat_sep\"><a href=\"https:\/\/www.davita.pt\/en\/categoria\/receitas\/sobremesas\/\" rel=\"category tag\">Desserts<\/a><\/span><\/div><h4 class=\"post_title entry-title\"><a href=\"https:\/\/www.davita.pt\/en\/bolo-saudavel-de-baunilha\/\" rel=\"bookmark\">Healthy Vanilla Cake<\/a><\/h4>\t\t<\/div><!-- .entry-header -->\n\t\t\n<\/article><\/div><\/div><\/div>\t\t\t\t<\/div>\n\t\t\t\t<\/div>\n\t\t\t\t\t<\/div>\n\t\t<\/div>\n\t\t\t\t\t<\/div>\n\t\t<\/section>\n\t\t\t\t<\/div>","protected":false},"excerpt":{"rendered":"<p>Receitas DaVita Sobremesas Sobremesas Mousse de Frutos Silvestres Sobremesas Bolo Saud\u00e1vel de Baunilha<\/p>","protected":false},"author":1,"featured_media":0,"parent":60241,"menu_order":0,"comment_status":"closed","ping_status":"closed","template":"","meta":{"footnotes":""},"class_list":["post-60307","page","type-page","status-publish","hentry"],"yoast_head":"<!-- This site is optimized with the Yoast SEO plugin v27.4 - https:\/\/yoast.com\/product\/yoast-seo-wordpress\/ -->\n<title>Sobremesas - DaVita Portugal<\/title>\n<meta name=\"robots\" content=\"index, follow, max-snippet:-1, max-image-preview:large, max-video-preview:-1\" \/>\n<link rel=\"canonical\" href=\"https:\/\/www.davita.pt\/en\/receitas\/sobremesas\/\" \/>\n<meta property=\"og:locale\" content=\"en_US\" \/>\n<meta property=\"og:type\" content=\"article\" \/>\n<meta property=\"og:title\" content=\"Sobremesas - DaVita Portugal\" \/>\n<meta property=\"og:description\" content=\"Receitas DaVita Sobremesas Sobremesas Mousse de Frutos Silvestres Sobremesas Bolo Saud\u00e1vel de Baunilha\" \/>\n<meta property=\"og:url\" content=\"https:\/\/www.davita.pt\/en\/receitas\/sobremesas\/\" \/>\n<meta property=\"og:site_name\" content=\"DaVita Portugal\" \/>\n<meta property=\"article:publisher\" content=\"https:\/\/www.facebook.com\/Davitaportugal\/\" \/>\n<meta property=\"article:modified_time\" content=\"2025-08-21T14:14:32+00:00\" \/>\n<meta property=\"og:image\" content=\"https:\/\/www.davita.pt\/wp-content\/uploads\/2025\/05\/Mousse-de-Frutos-Silvestres.jpg\" \/>\n<meta name=\"twitter:card\" content=\"summary_large_image\" \/>\n<meta name=\"twitter:label1\" content=\"Est. reading time\" \/>\n\t<meta name=\"twitter:data1\" content=\"1 minute\" \/>\n<script type=\"application\/ld+json\" class=\"yoast-schema-graph\">{\"@context\":\"https:\\\/\\\/schema.org\",\"@graph\":[{\"@type\":\"WebPage\",\"@id\":\"https:\\\/\\\/www.davita.pt\\\/receitas\\\/sobremesas\\\/\",\"url\":\"https:\\\/\\\/www.davita.pt\\\/receitas\\\/sobremesas\\\/\",\"name\":\"Sobremesas - DaVita Portugal\",\"isPartOf\":{\"@id\":\"https:\\\/\\\/www.davita.pt\\\/#website\"},\"primaryImageOfPage\":{\"@id\":\"https:\\\/\\\/www.davita.pt\\\/receitas\\\/sobremesas\\\/#primaryimage\"},\"image\":{\"@id\":\"https:\\\/\\\/www.davita.pt\\\/receitas\\\/sobremesas\\\/#primaryimage\"},\"thumbnailUrl\":\"https:\\\/\\\/www.davita.pt\\\/wp-content\\\/uploads\\\/2025\\\/05\\\/Mousse-de-Frutos-Silvestres.jpg\",\"datePublished\":\"2025-05-06T19:05:01+00:00\",\"dateModified\":\"2025-08-21T14:14:32+00:00\",\"breadcrumb\":{\"@id\":\"https:\\\/\\\/www.davita.pt\\\/receitas\\\/sobremesas\\\/#breadcrumb\"},\"inLanguage\":\"en-US\",\"potentialAction\":[{\"@type\":\"ReadAction\",\"target\":[\"https:\\\/\\\/www.davita.pt\\\/receitas\\\/sobremesas\\\/\"]}]},{\"@type\":\"ImageObject\",\"inLanguage\":\"en-US\",\"@id\":\"https:\\\/\\\/www.davita.pt\\\/receitas\\\/sobremesas\\\/#primaryimage\",\"url\":\"https:\\\/\\\/www.davita.pt\\\/wp-content\\\/uploads\\\/2025\\\/05\\\/Mousse-de-Frutos-Silvestres.jpg\",\"contentUrl\":\"https:\\\/\\\/www.davita.pt\\\/wp-content\\\/uploads\\\/2025\\\/05\\\/Mousse-de-Frutos-Silvestres.jpg\"},{\"@type\":\"BreadcrumbList\",\"@id\":\"https:\\\/\\\/www.davita.pt\\\/receitas\\\/sobremesas\\\/#breadcrumb\",\"itemListElement\":[{\"@type\":\"ListItem\",\"position\":1,\"name\":\"Home\",\"item\":\"https:\\\/\\\/www.davita.pt\\\/\"},{\"@type\":\"ListItem\",\"position\":2,\"name\":\"Receitas\",\"item\":\"https:\\\/\\\/www.davita.pt\\\/receitas\\\/\"},{\"@type\":\"ListItem\",\"position\":3,\"name\":\"Sobremesas\"}]},{\"@type\":\"WebSite\",\"@id\":\"https:\\\/\\\/www.davita.pt\\\/#website\",\"url\":\"https:\\\/\\\/www.davita.pt\\\/\",\"name\":\"DaVita Portugal\",\"description\":\"\",\"publisher\":{\"@id\":\"https:\\\/\\\/www.davita.pt\\\/#organization\"},\"potentialAction\":[{\"@type\":\"SearchAction\",\"target\":{\"@type\":\"EntryPoint\",\"urlTemplate\":\"https:\\\/\\\/www.davita.pt\\\/?s={search_term_string}\"},\"query-input\":{\"@type\":\"PropertyValueSpecification\",\"valueRequired\":true,\"valueName\":\"search_term_string\"}}],\"inLanguage\":\"en-US\"},{\"@type\":\"Organization\",\"@id\":\"https:\\\/\\\/www.davita.pt\\\/#organization\",\"name\":\"DaVita Portugal\",\"alternateName\":\"IDC \u2013 International Dialysis Center, Lda.\",\"url\":\"https:\\\/\\\/www.davita.pt\\\/\",\"logo\":{\"@type\":\"ImageObject\",\"inLanguage\":\"en-US\",\"@id\":\"https:\\\/\\\/www.davita.pt\\\/#\\\/schema\\\/logo\\\/image\\\/\",\"url\":\"https:\\\/\\\/www.davita.pt\\\/wp-content\\\/uploads\\\/2024\\\/07\\\/13893_DaVita_Logo_RGB_2C_72dpi.png\",\"contentUrl\":\"https:\\\/\\\/www.davita.pt\\\/wp-content\\\/uploads\\\/2024\\\/07\\\/13893_DaVita_Logo_RGB_2C_72dpi.png\",\"width\":456,\"height\":175,\"caption\":\"DaVita Portugal\"},\"image\":{\"@id\":\"https:\\\/\\\/www.davita.pt\\\/#\\\/schema\\\/logo\\\/image\\\/\"},\"sameAs\":[\"https:\\\/\\\/www.facebook.com\\\/Davitaportugal\\\/\",\"https:\\\/\\\/www.linkedin.com\\\/company\\\/davitaportugal\\\/\"]}]}<\/script>\n<!-- \/ Yoast SEO plugin. -->","yoast_head_json":{"title":"Sobremesas - DaVita Portugal","robots":{"index":"index","follow":"follow","max-snippet":"max-snippet:-1","max-image-preview":"max-image-preview:large","max-video-preview":"max-video-preview:-1"},"canonical":"https:\/\/www.davita.pt\/en\/receitas\/sobremesas\/","og_locale":"en_US","og_type":"article","og_title":"Sobremesas - DaVita Portugal","og_description":"Receitas DaVita Sobremesas Sobremesas Mousse de Frutos Silvestres Sobremesas Bolo Saud\u00e1vel de Baunilha","og_url":"https:\/\/www.davita.pt\/en\/receitas\/sobremesas\/","og_site_name":"DaVita Portugal","article_publisher":"https:\/\/www.facebook.com\/Davitaportugal\/","article_modified_time":"2025-08-21T14:14:32+00:00","og_image":[{"url":"https:\/\/www.davita.pt\/wp-content\/uploads\/2025\/05\/Mousse-de-Frutos-Silvestres.jpg","type":"","width":"","height":""}],"twitter_card":"summary_large_image","twitter_misc":{"Est. reading time":"1 minute"},"schema":{"@context":"https:\/\/schema.org","@graph":[{"@type":"WebPage","@id":"https:\/\/www.davita.pt\/receitas\/sobremesas\/","url":"https:\/\/www.davita.pt\/receitas\/sobremesas\/","name":"Sobremesas - DaVita Portugal","isPartOf":{"@id":"https:\/\/www.davita.pt\/#website"},"primaryImageOfPage":{"@id":"https:\/\/www.davita.pt\/receitas\/sobremesas\/#primaryimage"},"image":{"@id":"https:\/\/www.davita.pt\/receitas\/sobremesas\/#primaryimage"},"thumbnailUrl":"https:\/\/www.davita.pt\/wp-content\/uploads\/2025\/05\/Mousse-de-Frutos-Silvestres.jpg","datePublished":"2025-05-06T19:05:01+00:00","dateModified":"2025-08-21T14:14:32+00:00","breadcrumb":{"@id":"https:\/\/www.davita.pt\/receitas\/sobremesas\/#breadcrumb"},"inLanguage":"en-US","potentialAction":[{"@type":"ReadAction","target":["https:\/\/www.davita.pt\/receitas\/sobremesas\/"]}]},{"@type":"ImageObject","inLanguage":"en-US","@id":"https:\/\/www.davita.pt\/receitas\/sobremesas\/#primaryimage","url":"https:\/\/www.davita.pt\/wp-content\/uploads\/2025\/05\/Mousse-de-Frutos-Silvestres.jpg","contentUrl":"https:\/\/www.davita.pt\/wp-content\/uploads\/2025\/05\/Mousse-de-Frutos-Silvestres.jpg"},{"@type":"BreadcrumbList","@id":"https:\/\/www.davita.pt\/receitas\/sobremesas\/#breadcrumb","itemListElement":[{"@type":"ListItem","position":1,"name":"Home","item":"https:\/\/www.davita.pt\/"},{"@type":"ListItem","position":2,"name":"Receitas","item":"https:\/\/www.davita.pt\/receitas\/"},{"@type":"ListItem","position":3,"name":"Sobremesas"}]},{"@type":"WebSite","@id":"https:\/\/www.davita.pt\/#website","url":"https:\/\/www.davita.pt\/","name":"DaVita Portugal","description":"","publisher":{"@id":"https:\/\/www.davita.pt\/#organization"},"potentialAction":[{"@type":"SearchAction","target":{"@type":"EntryPoint","urlTemplate":"https:\/\/www.davita.pt\/?s={search_term_string}"},"query-input":{"@type":"PropertyValueSpecification","valueRequired":true,"valueName":"search_term_string"}}],"inLanguage":"en-US"},{"@type":"Organization","@id":"https:\/\/www.davita.pt\/#organization","name":"DaVita Portugal","alternateName":"IDC \u2013 International Dialysis Center, Lda.","url":"https:\/\/www.davita.pt\/","logo":{"@type":"ImageObject","inLanguage":"en-US","@id":"https:\/\/www.davita.pt\/#\/schema\/logo\/image\/","url":"https:\/\/www.davita.pt\/wp-content\/uploads\/2024\/07\/13893_DaVita_Logo_RGB_2C_72dpi.png","contentUrl":"https:\/\/www.davita.pt\/wp-content\/uploads\/2024\/07\/13893_DaVita_Logo_RGB_2C_72dpi.png","width":456,"height":175,"caption":"DaVita Portugal"},"image":{"@id":"https:\/\/www.davita.pt\/#\/schema\/logo\/image\/"},"sameAs":["https:\/\/www.facebook.com\/Davitaportugal\/","https:\/\/www.linkedin.com\/company\/davitaportugal\/"]}]}},"_links":{"self":[{"href":"https:\/\/www.davita.pt\/en\/wp-json\/wp\/v2\/pages\/60307","targetHints":{"allow":["GET"]}}],"collection":[{"href":"https:\/\/www.davita.pt\/en\/wp-json\/wp\/v2\/pages"}],"about":[{"href":"https:\/\/www.davita.pt\/en\/wp-json\/wp\/v2\/types\/page"}],"author":[{"embeddable":true,"href":"https:\/\/www.davita.pt\/en\/wp-json\/wp\/v2\/users\/1"}],"replies":[{"embeddable":true,"href":"https:\/\/www.davita.pt\/en\/wp-json\/wp\/v2\/comments?post=60307"}],"version-history":[{"count":2,"href":"https:\/\/www.davita.pt\/en\/wp-json\/wp\/v2\/pages\/60307\/revisions"}],"predecessor-version":[{"id":61516,"href":"https:\/\/www.davita.pt\/en\/wp-json\/wp\/v2\/pages\/60307\/revisions\/61516"}],"up":[{"embeddable":true,"href":"https:\/\/www.davita.pt\/en\/wp-json\/wp\/v2\/pages\/60241"}],"wp:attachment":[{"href":"https:\/\/www.davita.pt\/en\/wp-json\/wp\/v2\/media?parent=60307"}],"curies":[{"name":"wp","href":"https:\/\/api.w.org\/{rel}","templated":true}]}}