{"id":59597,"date":"2024-06-27T08:23:10","date_gmt":"2024-06-27T07:23:10","guid":{"rendered":"https:\/\/www.davita.pt\/termos-e-condicoes-de-uso-2\/"},"modified":"2026-02-11T11:12:07","modified_gmt":"2026-02-11T11:12:07","slug":"corporate-governance","status":"publish","type":"page","link":"https:\/\/www.davita.pt\/en\/corporate-governance\/","title":{"rendered":"Corporate Governance"},"content":{"rendered":"<div data-elementor-type=\"wp-page\" data-elementor-id=\"59597\" class=\"elementor elementor-59597\">\n\t\t\t\t\t\t<section class=\"elementor-section elementor-top-section elementor-element elementor-element-51c6567e elementor-section-boxed elementor-section-height-default elementor-section-height-default sc_fly_static\" data-id=\"51c6567e\" data-element_type=\"section\" data-e-type=\"section\" data-settings=\"{&quot;background_background&quot;:&quot;classic&quot;}\">\n\t\t\t\t\t\t<div class=\"elementor-container elementor-column-gap-extended\">\n\t\t\t\t\t<div class=\"elementor-column elementor-col-100 elementor-top-column elementor-element elementor-element-37cd5a2 sc_content_align_inherit sc_layouts_column_icons_position_left sc_fly_static\" data-id=\"37cd5a2\" data-element_type=\"column\" data-e-type=\"column\">\n\t\t\t<div class=\"elementor-widget-wrap elementor-element-populated\">\n\t\t\t\t\t\t<div class=\"elementor-element elementor-element-f1d59bc sc_fly_static elementor-widget elementor-widget-heading\" data-id=\"f1d59bc\" data-element_type=\"widget\" data-e-type=\"widget\" data-widget_type=\"heading.default\">\n\t\t\t\t<div class=\"elementor-widget-container\">\n\t\t\t\t\t<h1 class=\"elementor-heading-title elementor-size-default\">Corporate Governance<\/h1>\t\t\t\t<\/div>\n\t\t\t\t<\/div>\n\t\t\t\t<div class=\"elementor-element elementor-element-7debb3f sc_fly_static elementor-widget elementor-widget-spacer\" data-id=\"7debb3f\" data-element_type=\"widget\" data-e-type=\"widget\" data-widget_type=\"spacer.default\">\n\t\t\t\t<div class=\"elementor-widget-container\">\n\t\t\t\t\t\t\t<div class=\"elementor-spacer\">\n\t\t\t<div class=\"elementor-spacer-inner\"><\/div>\n\t\t<\/div>\n\t\t\t\t\t\t<\/div>\n\t\t\t\t<\/div>\n\t\t\t\t\t<\/div>\n\t\t<\/div>\n\t\t\t\t\t<\/div>\n\t\t<\/section>\n\t\t\t\t<section class=\"elementor-section elementor-top-section elementor-element elementor-element-64f674f3 elementor-section-boxed elementor-section-height-default elementor-section-height-default sc_fly_static\" data-id=\"64f674f3\" data-element_type=\"section\" data-e-type=\"section\">\n\t\t\t\t\t\t<div class=\"elementor-container elementor-column-gap-extended\">\n\t\t\t\t\t<div class=\"elementor-column elementor-col-100 elementor-top-column elementor-element elementor-element-2751887c sc_content_align_inherit sc_layouts_column_icons_position_left sc_fly_static\" data-id=\"2751887c\" data-element_type=\"column\" data-e-type=\"column\">\n\t\t\t<div class=\"elementor-widget-wrap elementor-element-populated\">\n\t\t\t\t\t\t<div class=\"elementor-element elementor-element-111e4fe9 sc_fly_static elementor-widget elementor-widget-spacer\" data-id=\"111e4fe9\" data-element_type=\"widget\" data-e-type=\"widget\" data-widget_type=\"spacer.default\">\n\t\t\t\t<div class=\"elementor-widget-container\">\n\t\t\t\t\t\t\t<div class=\"elementor-spacer\">\n\t\t\t<div class=\"elementor-spacer-inner\"><\/div>\n\t\t<\/div>\n\t\t\t\t\t\t<\/div>\n\t\t\t\t<\/div>\n\t\t\t\t\t<\/div>\n\t\t<\/div>\n\t\t\t\t\t<\/div>\n\t\t<\/section>\n\t\t\t\t<section class=\"elementor-section elementor-top-section elementor-element elementor-element-30d53074 elementor-section-boxed elementor-section-height-default elementor-section-height-default sc_fly_static\" data-id=\"30d53074\" data-element_type=\"section\" data-e-type=\"section\" data-settings=\"{&quot;background_background&quot;:&quot;classic&quot;}\">\n\t\t\t\t\t\t<div class=\"elementor-container elementor-column-gap-extended\">\n\t\t\t\t\t<div class=\"elementor-column elementor-col-100 elementor-top-column elementor-element elementor-element-682c7b23 sc_content_align_inherit sc_layouts_column_icons_position_left sc_fly_static\" data-id=\"682c7b23\" data-element_type=\"column\" data-e-type=\"column\">\n\t\t\t<div class=\"elementor-widget-wrap elementor-element-populated\">\n\t\t\t\t\t\t<div class=\"elementor-element elementor-element-52ad282b sc_fly_static elementor-widget elementor-widget-text-editor\" data-id=\"52ad282b\" data-element_type=\"widget\" data-e-type=\"widget\" data-widget_type=\"text-editor.default\">\n\t\t\t\t<div class=\"elementor-widget-container\">\n\t\t\t\t\t\t\t\t\t<p>DaVita is guided by its Mission \u2013 To Be the Provider, Partner and Employer of Choice \u2013 and by a set of Core Values \u2013 Service Excellence, Integrity, Teamwork, Continuous Improvement, Accountability, Personal Fulfillment and Fun \u2013 which are reinforced at all levels of the organization.<\/p><p>We are committed to sound corporate governance policies and practices, as well as compliance with international and national laws.<\/p>\t\t\t\t\t\t\t\t<\/div>\n\t\t\t\t<\/div>\n\t\t\t\t\t<\/div>\n\t\t<\/div>\n\t\t\t\t\t<\/div>\n\t\t<\/section>\n\t\t\t\t<section class=\"elementor-section elementor-top-section elementor-element elementor-element-5568c0f7 elementor-section-boxed elementor-section-height-default elementor-section-height-default sc_fly_static\" data-id=\"5568c0f7\" data-element_type=\"section\" data-e-type=\"section\">\n\t\t\t\t\t\t<div class=\"elementor-container elementor-column-gap-extended\">\n\t\t\t\t\t<div class=\"elementor-column elementor-col-100 elementor-top-column elementor-element elementor-element-4b107ca sc_content_align_inherit sc_layouts_column_icons_position_left sc_fly_static\" data-id=\"4b107ca\" data-element_type=\"column\" data-e-type=\"column\">\n\t\t\t<div class=\"elementor-widget-wrap elementor-element-populated\">\n\t\t\t\t\t\t<div class=\"elementor-element elementor-element-40855d13 sc_fly_static elementor-widget elementor-widget-spacer\" data-id=\"40855d13\" data-element_type=\"widget\" data-e-type=\"widget\" data-widget_type=\"spacer.default\">\n\t\t\t\t<div class=\"elementor-widget-container\">\n\t\t\t\t\t\t\t<div class=\"elementor-spacer\">\n\t\t\t<div class=\"elementor-spacer-inner\"><\/div>\n\t\t<\/div>\n\t\t\t\t\t\t<\/div>\n\t\t\t\t<\/div>\n\t\t\t\t\t<\/div>\n\t\t<\/div>\n\t\t\t\t\t<\/div>\n\t\t<\/section>\n\t\t\t\t<section class=\"elementor-section elementor-top-section elementor-element elementor-element-914cccb elementor-section-boxed elementor-section-height-default elementor-section-height-default sc_fly_static\" data-id=\"914cccb\" data-element_type=\"section\" data-e-type=\"section\">\n\t\t\t\t\t\t<div class=\"elementor-container elementor-column-gap-extended\">\n\t\t\t\t\t<div class=\"elementor-column elementor-col-100 elementor-top-column elementor-element elementor-element-10e3e45 sc_content_align_inherit sc_layouts_column_icons_position_left sc_fly_static\" data-id=\"10e3e45\" data-element_type=\"column\" data-e-type=\"column\">\n\t\t\t<div class=\"elementor-widget-wrap elementor-element-populated\">\n\t\t\t\t\t\t<section class=\"elementor-section elementor-inner-section elementor-element elementor-element-d156e5b elementor-section-boxed elementor-section-height-default elementor-section-height-default sc_fly_static\" data-id=\"d156e5b\" data-element_type=\"section\" data-e-type=\"section\">\n\t\t\t\t\t\t<div class=\"elementor-container elementor-column-gap-extended\">\n\t\t\t\t\t<div class=\"elementor-column elementor-col-50 elementor-inner-column elementor-element elementor-element-dda4229 sc_content_align_inherit sc_layouts_column_icons_position_left sc_fly_static\" data-id=\"dda4229\" data-element_type=\"column\" data-e-type=\"column\">\n\t\t\t<div class=\"elementor-widget-wrap elementor-element-populated\">\n\t\t\t\t\t\t<div class=\"elementor-element elementor-element-28b9319 sc_fly_static elementor-widget elementor-widget-heading\" data-id=\"28b9319\" data-element_type=\"widget\" data-e-type=\"widget\" data-widget_type=\"heading.default\">\n\t\t\t\t<div class=\"elementor-widget-container\">\n\t\t\t\t\t<h2 class=\"elementor-heading-title elementor-size-default\">Code of Conduct:<\/h2>\t\t\t\t<\/div>\n\t\t\t\t<\/div>\n\t\t\t\t<div class=\"elementor-element elementor-element-686fb9b sc_fly_static elementor-widget elementor-widget-text-editor\" data-id=\"686fb9b\" data-element_type=\"widget\" data-e-type=\"widget\" data-widget_type=\"text-editor.default\">\n\t\t\t\t<div class=\"elementor-widget-container\">\n\t\t\t\t\t\t\t\t\t<p>\u2022 English version (<a href=\"https:\/\/www.davita.pt\/wp-content\/uploads\/2026\/02\/International-Code-of-Conduct-2026-British-English-A4-29-01-26-VIEW.pdf\" target=\"_blank\" rel=\"noopener\">see<\/a>)<\/p><p>\u2022 Portuguese version (<a href=\"https:\/\/www.davita.pt\/wp-content\/uploads\/2026\/02\/Portugal-Code-of-Conduct-2025-29-01-26-VIEW.pdf\" target=\"_blank\" rel=\"noopener\">see<\/a>)<\/p><p>Annex to the Code of Conduct \u2013 Prevention of Corruption and Related Offenses \u2013 Sanction Framework applicable in Portugal (<a href=\"https:\/\/davita.pt\/wp-content\/uploads\/2025\/04\/anexo-ao-codigo-de-conduta-enquadramento-sancionatoorio-final.pdf\" target=\"_blank\" rel=\"noopener\">see<\/a>)<\/p>\t\t\t\t\t\t\t\t<\/div>\n\t\t\t\t<\/div>\n\t\t\t\t\t<\/div>\n\t\t<\/div>\n\t\t\t\t<div class=\"elementor-column elementor-col-50 elementor-inner-column elementor-element elementor-element-c9d0e2f sc_content_align_inherit sc_layouts_column_icons_position_left sc_fly_static\" data-id=\"c9d0e2f\" data-element_type=\"column\" data-e-type=\"column\">\n\t\t\t<div class=\"elementor-widget-wrap elementor-element-populated\">\n\t\t\t\t\t\t<div class=\"elementor-element elementor-element-311e602 sc_fly_static elementor-widget elementor-widget-heading\" data-id=\"311e602\" data-element_type=\"widget\" data-e-type=\"widget\" data-widget_type=\"heading.default\">\n\t\t\t\t<div class=\"elementor-widget-container\">\n\t\t\t\t\t<h2 class=\"elementor-heading-title elementor-size-default\">Anti-Corruption Policy:<\/h2>\t\t\t\t<\/div>\n\t\t\t\t<\/div>\n\t\t\t\t<div class=\"elementor-element elementor-element-47fb230 sc_fly_static elementor-widget elementor-widget-text-editor\" data-id=\"47fb230\" data-element_type=\"widget\" data-e-type=\"widget\" data-widget_type=\"text-editor.default\">\n\t\t\t\t<div class=\"elementor-widget-container\">\n\t\t\t\t\t\t\t\t\t<p>\u2022 English version (<a href=\"https:\/\/davita.pt\/wp-content\/uploads\/2025\/04\/comp-intl-008-anticorruption-policy.pdf\" target=\"_blank\" rel=\"noopener\">see<\/a>)<\/p><p>\u2022 Portuguese version (<a href=\"https:\/\/davita.pt\/wp-content\/uploads\/2025\/04\/comp-intl-008-pt-politica-anti-corrupcao.pdf\" target=\"_blank\" rel=\"noopener\">see<\/a>)<\/p><p>\u2022 Plan for the Prevention of Corruption Risks and Related Offenses applicable in Portugal (<a href=\"https:\/\/davita.pt\/wp-content\/uploads\/2025\/04\/ppr-final.pdf\" target=\"_blank\" rel=\"noopener\">see<\/a>)<\/p>\t\t\t\t\t\t\t\t<\/div>\n\t\t\t\t<\/div>\n\t\t\t\t\t<\/div>\n\t\t<\/div>\n\t\t\t\t\t<\/div>\n\t\t<\/section>\n\t\t\t\t\t<\/div>\n\t\t<\/div>\n\t\t\t\t\t<\/div>\n\t\t<\/section>\n\t\t\t\t<section class=\"elementor-section elementor-top-section elementor-element elementor-element-83577d4 elementor-section-boxed elementor-section-height-default elementor-section-height-default sc_fly_static\" data-id=\"83577d4\" data-element_type=\"section\" data-e-type=\"section\">\n\t\t\t\t\t\t<div class=\"elementor-container elementor-column-gap-extended\">\n\t\t\t\t\t<div class=\"elementor-column elementor-col-100 elementor-top-column elementor-element elementor-element-00c1cfc sc_content_align_inherit sc_layouts_column_icons_position_left sc_fly_static\" data-id=\"00c1cfc\" data-element_type=\"column\" data-e-type=\"column\">\n\t\t\t<div class=\"elementor-widget-wrap elementor-element-populated\">\n\t\t\t\t\t\t<div class=\"elementor-element elementor-element-1ce883b sc_fly_static elementor-widget elementor-widget-spacer\" data-id=\"1ce883b\" data-element_type=\"widget\" data-e-type=\"widget\" data-widget_type=\"spacer.default\">\n\t\t\t\t<div class=\"elementor-widget-container\">\n\t\t\t\t\t\t\t<div class=\"elementor-spacer\">\n\t\t\t<div class=\"elementor-spacer-inner\"><\/div>\n\t\t<\/div>\n\t\t\t\t\t\t<\/div>\n\t\t\t\t<\/div>\n\t\t\t\t\t<\/div>\n\t\t<\/div>\n\t\t\t\t\t<\/div>\n\t\t<\/section>\n\t\t\t\t<section class=\"elementor-section elementor-top-section elementor-element elementor-element-b586b39 elementor-section-boxed elementor-section-height-default elementor-section-height-default sc_fly_static\" data-id=\"b586b39\" data-element_type=\"section\" data-e-type=\"section\" data-settings=\"{&quot;background_background&quot;:&quot;classic&quot;}\">\n\t\t\t\t\t\t<div class=\"elementor-container elementor-column-gap-extended\">\n\t\t\t\t\t<div class=\"elementor-column elementor-col-100 elementor-top-column elementor-element elementor-element-638bc0d sc_content_align_inherit sc_layouts_column_icons_position_left sc_fly_static\" data-id=\"638bc0d\" data-element_type=\"column\" data-e-type=\"column\">\n\t\t\t<div class=\"elementor-widget-wrap elementor-element-populated\">\n\t\t\t\t\t\t<div class=\"elementor-element elementor-element-6ce069b sc_fly_static elementor-widget elementor-widget-text-editor\" data-id=\"6ce069b\" data-element_type=\"widget\" data-e-type=\"widget\" data-widget_type=\"text-editor.default\">\n\t\t\t\t<div class=\"elementor-widget-container\">\n\t\t\t\t\t\t\t\t\t<p><strong>Who to contact in case of compliance concerns:<\/strong><\/p><p>Compliance questions or concerns can be submitted to the Compliance Hotline 24 hours a day, 365 days a year, with confidentiality guaranteed.<\/p><p>Contact:\u00a0<a href=\"tel:800815070\">800 815 070<\/a>\u00a0Toll-free, or\u00a0<a href=\"http:\/\/davita.ethicspoint.com\/\" target=\"_blank\" rel=\"noopener\">davita.ethicspoint.com<\/a>.<\/p><p><a href=\"https:\/\/davita.pt\/wp-content\/uploads\/2025\/04\/Hotline-Poster-Portugal-22-2-24.pdf\" target=\"_blank\" rel=\"noopener\">Compliance Hotline Poster.<\/a><\/p>\t\t\t\t\t\t\t\t<\/div>\n\t\t\t\t<\/div>\n\t\t\t\t\t<\/div>\n\t\t<\/div>\n\t\t\t\t\t<\/div>\n\t\t<\/section>\n\t\t\t\t<\/div>","protected":false},"excerpt":{"rendered":"<p>Corporate Governance A DaVita \u00e9 guiada pela sua Miss\u00e3o &#8211; Ser o Fornecedor, Parceiro e&hellip;<\/p>","protected":false},"author":1,"featured_media":0,"parent":0,"menu_order":0,"comment_status":"closed","ping_status":"closed","template":"","meta":{"footnotes":""},"class_list":["post-59597","page","type-page","status-publish","hentry"],"yoast_head":"<!-- This site is optimized with the Yoast SEO plugin v27.4 - https:\/\/yoast.com\/product\/yoast-seo-wordpress\/ -->\n<title>Corporate Governance - DaVita Portugal<\/title>\n<meta name=\"description\" content=\"A DaVita \u00e9 guiada pela sua Miss\u00e3o \u2013 Ser o Fornecedor, Parceiro e Empregador de Elei\u00e7\u00e3o \u2013 e por um conjunto de Valores Essenciais \u2013 Excel\u00eancia de Servi\u00e7o, Integridade, Equipa, Melhoria Cont\u00ednua, Responsabilidade, Realiza\u00e7\u00e3o Pessoal e Divers\u00e3o \u2013 que s\u00e3o refor\u00e7ados em todos os n\u00edveis da organiza\u00e7\u00e3o.\" \/>\n<meta name=\"robots\" content=\"index, follow, max-snippet:-1, max-image-preview:large, max-video-preview:-1\" \/>\n<link rel=\"canonical\" href=\"https:\/\/www.davita.pt\/en\/corporate-governance\/\" \/>\n<meta property=\"og:locale\" content=\"en_US\" \/>\n<meta property=\"og:type\" content=\"article\" \/>\n<meta property=\"og:title\" content=\"Corporate Governance - DaVita Portugal\" \/>\n<meta property=\"og:description\" content=\"A DaVita \u00e9 guiada pela sua Miss\u00e3o \u2013 Ser o Fornecedor, Parceiro e Empregador de Elei\u00e7\u00e3o \u2013 e por um conjunto de Valores Essenciais \u2013 Excel\u00eancia de Servi\u00e7o, Integridade, Equipa, Melhoria Cont\u00ednua, Responsabilidade, Realiza\u00e7\u00e3o Pessoal e Divers\u00e3o \u2013 que s\u00e3o refor\u00e7ados em todos os n\u00edveis da organiza\u00e7\u00e3o.\" \/>\n<meta property=\"og:url\" content=\"https:\/\/www.davita.pt\/en\/corporate-governance\/\" \/>\n<meta property=\"og:site_name\" content=\"DaVita Portugal\" \/>\n<meta property=\"article:publisher\" content=\"https:\/\/www.facebook.com\/Davitaportugal\/\" \/>\n<meta property=\"article:modified_time\" content=\"2026-02-11T11:12:07+00:00\" \/>\n<meta property=\"og:image\" content=\"https:\/\/www.davita.pt\/wp-content\/uploads\/2020\/04\/DAVITA-NOTICIAS-CAPA-GERAL.jpg\" \/>\n\t<meta property=\"og:image:width\" content=\"1280\" \/>\n\t<meta property=\"og:image:height\" content=\"852\" \/>\n\t<meta property=\"og:image:type\" content=\"image\/jpeg\" \/>\n<meta name=\"twitter:card\" content=\"summary_large_image\" \/>\n<meta name=\"twitter:label1\" content=\"Est. reading time\" \/>\n\t<meta name=\"twitter:data1\" content=\"1 minute\" \/>\n<script type=\"application\/ld+json\" class=\"yoast-schema-graph\">{\"@context\":\"https:\\\/\\\/schema.org\",\"@graph\":[{\"@type\":\"WebPage\",\"@id\":\"https:\\\/\\\/www.davita.pt\\\/corporate-governance\\\/\",\"url\":\"https:\\\/\\\/www.davita.pt\\\/corporate-governance\\\/\",\"name\":\"Corporate Governance - DaVita Portugal\",\"isPartOf\":{\"@id\":\"https:\\\/\\\/www.davita.pt\\\/#website\"},\"datePublished\":\"2024-06-27T07:23:10+00:00\",\"dateModified\":\"2026-02-11T11:12:07+00:00\",\"description\":\"A DaVita \u00e9 guiada pela sua Miss\u00e3o \u2013 Ser o Fornecedor, Parceiro e Empregador de Elei\u00e7\u00e3o \u2013 e por um conjunto de Valores Essenciais \u2013 Excel\u00eancia de Servi\u00e7o, Integridade, Equipa, Melhoria Cont\u00ednua, Responsabilidade, Realiza\u00e7\u00e3o Pessoal e Divers\u00e3o \u2013 que s\u00e3o refor\u00e7ados em todos os n\u00edveis da organiza\u00e7\u00e3o.\",\"breadcrumb\":{\"@id\":\"https:\\\/\\\/www.davita.pt\\\/corporate-governance\\\/#breadcrumb\"},\"inLanguage\":\"en-US\",\"potentialAction\":[{\"@type\":\"ReadAction\",\"target\":[\"https:\\\/\\\/www.davita.pt\\\/corporate-governance\\\/\"]}]},{\"@type\":\"BreadcrumbList\",\"@id\":\"https:\\\/\\\/www.davita.pt\\\/corporate-governance\\\/#breadcrumb\",\"itemListElement\":[{\"@type\":\"ListItem\",\"position\":1,\"name\":\"Home\",\"item\":\"https:\\\/\\\/www.davita.pt\\\/\"},{\"@type\":\"ListItem\",\"position\":2,\"name\":\"Corporate Governance\"}]},{\"@type\":\"WebSite\",\"@id\":\"https:\\\/\\\/www.davita.pt\\\/#website\",\"url\":\"https:\\\/\\\/www.davita.pt\\\/\",\"name\":\"DaVita Portugal\",\"description\":\"\",\"publisher\":{\"@id\":\"https:\\\/\\\/www.davita.pt\\\/#organization\"},\"potentialAction\":[{\"@type\":\"SearchAction\",\"target\":{\"@type\":\"EntryPoint\",\"urlTemplate\":\"https:\\\/\\\/www.davita.pt\\\/?s={search_term_string}\"},\"query-input\":{\"@type\":\"PropertyValueSpecification\",\"valueRequired\":true,\"valueName\":\"search_term_string\"}}],\"inLanguage\":\"en-US\"},{\"@type\":\"Organization\",\"@id\":\"https:\\\/\\\/www.davita.pt\\\/#organization\",\"name\":\"DaVita Portugal\",\"alternateName\":\"IDC \u2013 International Dialysis Center, Lda.\",\"url\":\"https:\\\/\\\/www.davita.pt\\\/\",\"logo\":{\"@type\":\"ImageObject\",\"inLanguage\":\"en-US\",\"@id\":\"https:\\\/\\\/www.davita.pt\\\/#\\\/schema\\\/logo\\\/image\\\/\",\"url\":\"https:\\\/\\\/www.davita.pt\\\/wp-content\\\/uploads\\\/2024\\\/07\\\/13893_DaVita_Logo_RGB_2C_72dpi.png\",\"contentUrl\":\"https:\\\/\\\/www.davita.pt\\\/wp-content\\\/uploads\\\/2024\\\/07\\\/13893_DaVita_Logo_RGB_2C_72dpi.png\",\"width\":456,\"height\":175,\"caption\":\"DaVita Portugal\"},\"image\":{\"@id\":\"https:\\\/\\\/www.davita.pt\\\/#\\\/schema\\\/logo\\\/image\\\/\"},\"sameAs\":[\"https:\\\/\\\/www.facebook.com\\\/Davitaportugal\\\/\",\"https:\\\/\\\/www.linkedin.com\\\/company\\\/davitaportugal\\\/\"]}]}<\/script>\n<!-- \/ Yoast SEO plugin. -->","yoast_head_json":{"title":"Corporate Governance - DaVita Portugal","description":"A DaVita \u00e9 guiada pela sua Miss\u00e3o \u2013 Ser o Fornecedor, Parceiro e Empregador de Elei\u00e7\u00e3o \u2013 e por um conjunto de Valores Essenciais \u2013 Excel\u00eancia de Servi\u00e7o, Integridade, Equipa, Melhoria Cont\u00ednua, Responsabilidade, Realiza\u00e7\u00e3o Pessoal e Divers\u00e3o \u2013 que s\u00e3o refor\u00e7ados em todos os n\u00edveis da organiza\u00e7\u00e3o.","robots":{"index":"index","follow":"follow","max-snippet":"max-snippet:-1","max-image-preview":"max-image-preview:large","max-video-preview":"max-video-preview:-1"},"canonical":"https:\/\/www.davita.pt\/en\/corporate-governance\/","og_locale":"en_US","og_type":"article","og_title":"Corporate Governance - DaVita Portugal","og_description":"A DaVita \u00e9 guiada pela sua Miss\u00e3o \u2013 Ser o Fornecedor, Parceiro e Empregador de Elei\u00e7\u00e3o \u2013 e por um conjunto de Valores Essenciais \u2013 Excel\u00eancia de Servi\u00e7o, Integridade, Equipa, Melhoria Cont\u00ednua, Responsabilidade, Realiza\u00e7\u00e3o Pessoal e Divers\u00e3o \u2013 que s\u00e3o refor\u00e7ados em todos os n\u00edveis da organiza\u00e7\u00e3o.","og_url":"https:\/\/www.davita.pt\/en\/corporate-governance\/","og_site_name":"DaVita Portugal","article_publisher":"https:\/\/www.facebook.com\/Davitaportugal\/","article_modified_time":"2026-02-11T11:12:07+00:00","og_image":[{"width":1280,"height":852,"url":"https:\/\/www.davita.pt\/wp-content\/uploads\/2020\/04\/DAVITA-NOTICIAS-CAPA-GERAL.jpg","type":"image\/jpeg"}],"twitter_card":"summary_large_image","twitter_misc":{"Est. reading time":"1 minute"},"schema":{"@context":"https:\/\/schema.org","@graph":[{"@type":"WebPage","@id":"https:\/\/www.davita.pt\/corporate-governance\/","url":"https:\/\/www.davita.pt\/corporate-governance\/","name":"Corporate Governance - DaVita Portugal","isPartOf":{"@id":"https:\/\/www.davita.pt\/#website"},"datePublished":"2024-06-27T07:23:10+00:00","dateModified":"2026-02-11T11:12:07+00:00","description":"A DaVita \u00e9 guiada pela sua Miss\u00e3o \u2013 Ser o Fornecedor, Parceiro e Empregador de Elei\u00e7\u00e3o \u2013 e por um conjunto de Valores Essenciais \u2013 Excel\u00eancia de Servi\u00e7o, Integridade, Equipa, Melhoria Cont\u00ednua, Responsabilidade, Realiza\u00e7\u00e3o Pessoal e Divers\u00e3o \u2013 que s\u00e3o refor\u00e7ados em todos os n\u00edveis da organiza\u00e7\u00e3o.","breadcrumb":{"@id":"https:\/\/www.davita.pt\/corporate-governance\/#breadcrumb"},"inLanguage":"en-US","potentialAction":[{"@type":"ReadAction","target":["https:\/\/www.davita.pt\/corporate-governance\/"]}]},{"@type":"BreadcrumbList","@id":"https:\/\/www.davita.pt\/corporate-governance\/#breadcrumb","itemListElement":[{"@type":"ListItem","position":1,"name":"Home","item":"https:\/\/www.davita.pt\/"},{"@type":"ListItem","position":2,"name":"Corporate Governance"}]},{"@type":"WebSite","@id":"https:\/\/www.davita.pt\/#website","url":"https:\/\/www.davita.pt\/","name":"DaVita Portugal","description":"","publisher":{"@id":"https:\/\/www.davita.pt\/#organization"},"potentialAction":[{"@type":"SearchAction","target":{"@type":"EntryPoint","urlTemplate":"https:\/\/www.davita.pt\/?s={search_term_string}"},"query-input":{"@type":"PropertyValueSpecification","valueRequired":true,"valueName":"search_term_string"}}],"inLanguage":"en-US"},{"@type":"Organization","@id":"https:\/\/www.davita.pt\/#organization","name":"DaVita Portugal","alternateName":"IDC \u2013 International Dialysis Center, Lda.","url":"https:\/\/www.davita.pt\/","logo":{"@type":"ImageObject","inLanguage":"en-US","@id":"https:\/\/www.davita.pt\/#\/schema\/logo\/image\/","url":"https:\/\/www.davita.pt\/wp-content\/uploads\/2024\/07\/13893_DaVita_Logo_RGB_2C_72dpi.png","contentUrl":"https:\/\/www.davita.pt\/wp-content\/uploads\/2024\/07\/13893_DaVita_Logo_RGB_2C_72dpi.png","width":456,"height":175,"caption":"DaVita Portugal"},"image":{"@id":"https:\/\/www.davita.pt\/#\/schema\/logo\/image\/"},"sameAs":["https:\/\/www.facebook.com\/Davitaportugal\/","https:\/\/www.linkedin.com\/company\/davitaportugal\/"]}]}},"_links":{"self":[{"href":"https:\/\/www.davita.pt\/en\/wp-json\/wp\/v2\/pages\/59597","targetHints":{"allow":["GET"]}}],"collection":[{"href":"https:\/\/www.davita.pt\/en\/wp-json\/wp\/v2\/pages"}],"about":[{"href":"https:\/\/www.davita.pt\/en\/wp-json\/wp\/v2\/types\/page"}],"author":[{"embeddable":true,"href":"https:\/\/www.davita.pt\/en\/wp-json\/wp\/v2\/users\/1"}],"replies":[{"embeddable":true,"href":"https:\/\/www.davita.pt\/en\/wp-json\/wp\/v2\/comments?post=59597"}],"version-history":[{"count":2,"href":"https:\/\/www.davita.pt\/en\/wp-json\/wp\/v2\/pages\/59597\/revisions"}],"predecessor-version":[{"id":62616,"href":"https:\/\/www.davita.pt\/en\/wp-json\/wp\/v2\/pages\/59597\/revisions\/62616"}],"wp:attachment":[{"href":"https:\/\/www.davita.pt\/en\/wp-json\/wp\/v2\/media?parent=59597"}],"curies":[{"name":"wp","href":"https:\/\/api.w.org\/{rel}","templated":true}]}}